{"id":426,"date":"2021-04-20T15:15:35","date_gmt":"2021-04-20T13:15:35","guid":{"rendered":"https:\/\/careers.grupopuentes.com\/?page_id=426"},"modified":"2022-11-30T17:28:36","modified_gmt":"2022-11-30T15:28:36","slug":"privacy-policy","status":"publish","type":"page","link":"http:\/\/careers.grupopuentes.com\/es\/privacy-policy\/","title":{"rendered":"Privacy Policy"},"content":{"rendered":"\t\t<div data-elementor-type=\"wp-page\" data-elementor-id=\"426\" class=\"elementor elementor-426\">\n\t\t\t\t\t\t<div class=\"elementor-inner\">\n\t\t\t\t<div class=\"elementor-section-wrap\">\n\t\t\t\t\t\t\t\t\t<section class=\"elementor-section elementor-top-section elementor-element elementor-element-2dee73d5 elementor-section-stretched elementor-section-boxed elementor-section-height-default elementor-section-height-default\" data-id=\"2dee73d5\" data-element_type=\"section\" data-settings=\"{&quot;stretch_section&quot;:&quot;section-stretched&quot;,&quot;background_background&quot;:&quot;classic&quot;}\">\n\t\t\t\t\t\t<div class=\"elementor-container elementor-column-gap-default\">\n\t\t\t\t\t\t\t<div class=\"elementor-row\">\n\t\t\t\t\t<div class=\"elementor-column elementor-col-50 elementor-top-column elementor-element elementor-element-7cbd4bc2\" data-id=\"7cbd4bc2\" data-element_type=\"column\">\n\t\t\t<div class=\"elementor-column-wrap elementor-element-populated\">\n\t\t\t\t\t\t\t<div class=\"elementor-widget-wrap\">\n\t\t\t\t\t\t<div class=\"elementor-element elementor-element-691fb2ac elementor-widget elementor-widget-image\" data-id=\"691fb2ac\" data-element_type=\"widget\" data-widget_type=\"image.default\">\n\t\t\t\t<div class=\"elementor-widget-container\">\n\t\t\t\t\t\t\t\t<div class=\"elementor-image\">\n\t\t\t\t\t\t\t\t\t\t\t\t\t<a href=\"https:\/\/careers.grupopuentes.com\">\n\t\t\t\t\t\t\t<img width=\"188\" height=\"50\" src=\"https:\/\/careers.grupopuentes.com\/wp-content\/uploads\/2020\/11\/puentes-rounded-text-50.png-white.png\" class=\"attachment-large size-large\" alt=\"\" loading=\"lazy\" \/>\t\t\t\t\t\t\t\t<\/a>\n\t\t\t\t\t\t\t\t\t\t\t\t\t\t<\/div>\n\t\t\t\t\t\t<\/div>\n\t\t\t\t<\/div>\n\t\t\t\t\t\t<\/div>\n\t\t\t\t\t<\/div>\n\t\t<\/div>\n\t\t\t\t<div class=\"elementor-column elementor-col-50 elementor-top-column elementor-element elementor-element-7d9ba35f\" data-id=\"7d9ba35f\" data-element_type=\"column\">\n\t\t\t<div class=\"elementor-column-wrap\">\n\t\t\t\t\t\t\t<div class=\"elementor-widget-wrap\">\n\t\t\t\t\t\t\t\t<\/div>\n\t\t\t\t\t<\/div>\n\t\t<\/div>\n\t\t\t\t\t\t\t\t<\/div>\n\t\t\t\t\t<\/div>\n\t\t<\/section>\n\t\t\t\t<section class=\"elementor-section elementor-top-section elementor-element elementor-element-449a6fc8 elementor-section-boxed elementor-section-height-default elementor-section-height-default\" data-id=\"449a6fc8\" data-element_type=\"section\">\n\t\t\t\t\t\t<div class=\"elementor-container elementor-column-gap-default\">\n\t\t\t\t\t\t\t<div class=\"elementor-row\">\n\t\t\t\t\t<div class=\"elementor-column elementor-col-100 elementor-top-column elementor-element elementor-element-54b7217a\" data-id=\"54b7217a\" data-element_type=\"column\">\n\t\t\t<div class=\"elementor-column-wrap elementor-element-populated\">\n\t\t\t\t\t\t\t<div class=\"elementor-widget-wrap\">\n\t\t\t\t\t\t<div class=\"elementor-element elementor-element-6a0d7f1 elementor-widget elementor-widget-text-editor\" data-id=\"6a0d7f1\" data-element_type=\"widget\" data-widget_type=\"text-editor.default\">\n\t\t\t\t<div class=\"elementor-widget-container\">\n\t\t\t\t\t\t\t\t<div class=\"elementor-text-editor elementor-clearfix\">\n\t\t\t\t<h1>POL\u00cdTICA DE PRIVACIDAD<\/h1><p>La presente Pol\u00edtica de Privacidad est\u00e1 encaminada a regular el tratamiento de los datos personales recogidos por Puentes y Calzadas Grupo de Empresas S.A. (en adelante, \u201c<strong>Grupo <\/strong><strong>Puentes<\/strong>\u201d) a trav\u00e9s de su Sitio Web, formando parte \u00edntegra del Aviso Legal.<\/p><p>Grupo Puentes es el responsable del tratamiento de los datos personales del interesado y usuario del Sitio Web y le informa de que estos datos ser\u00e1n tratados de conformidad con lo dispuesto en la normativa vigente de protecci\u00f3n de datos personales, el Reglamento (UE) 2016\/679 del Parlamento Europeo y del Consejo, de 27 de abril de 2016, relativo a la protecci\u00f3n de las personas f\u00edsicas en lo que respecta al tratamiento de datos personales y la Ley Org\u00e1nica 3\/2018, de 5 de diciembre, de Protecci\u00f3n de Datos Personales y garant\u00eda de los derechos digitales, as\u00ed como la Ley 34\/2002, de 11 de julio, de Servicios de la Sociedad de la Informaci\u00f3n y del Comercio Electr\u00f3nico.<\/p><h1>INFORMACI\u00d3N B\u00c1SICA SOBRE PROTECCI\u00d3N DE DATOS PERSONALES<\/h1><ul><li><strong>Responsable<\/strong>: Puentes y Calzadas Grupo de Empresas S.A.<\/li><li><strong>Domicilio<\/strong> social: C\/ Estaci\u00f3n s\/n, 15888, Sig\u00fceiro (A Coru\u00f1a)<\/li><li><strong>Tel\u00e9fono<\/strong>: (+34) 981 68 89 01<\/li><li><strong>Correo electr\u00f3nico<\/strong>: dpo@grupopuentes.com<\/li><li><strong>Delegado de Protecci\u00f3n de Datos<\/strong>: dpo@grupopuentes.com<\/li><li><strong>Finalidad<\/strong>: Atender las peticiones del usuario y poder mantenerle informado de las mismas.<\/li><li><strong>Legitimaci\u00f3n<\/strong>: Consentimiento otorgado por el interesado.<\/li><li><strong>Destinatarios<\/strong>: Se podr\u00e1n ceder datos a otras empresas de Puentes y Calzadas Grupo de Empresas S.A., as\u00ed como a colaboradores Encargados del Tratamiento de Datos.<\/li><li><strong>Derechos<\/strong>: Rectificaci\u00f3n, supresi\u00f3n, limitaci\u00f3n, oposici\u00f3n al tratamiento, y portabilidad de datos.<\/li><\/ul><h1>INFORMACI\u00d3N AMPLIADA SOBRE PROTECCI\u00d3N DE DATOS PERSONALES<\/h1><p><strong>Responsable del tratamiento<\/strong><\/p><p>El responsable del tratamiento de los datos del usuario es Puentes y Calzadas Grupo de Empresas S.A., con domicilio social en C\/ Estaci\u00f3n s\/n, 15888, Sig\u00fceiro (A Coru\u00f1a). Con CIF: A10527147, Tel\u00e9fono: (+34) 981 68 89 01 y correo electr\u00f3nico dpo@grupopuentes.com<\/p><p><strong>Finalidad del tratamiento de los datos<\/strong><\/p><p>El acceso por parte de Grupo Puentes a los datos de car\u00e1cter personal, se realizara\u0301 \u00fanica y exclusivamente con la finalidad de que Grupo Puentes pueda atender las peticiones del usuario y poder mantenerle informado, incluso por medios electr\u00f3nicos, sobre nuestros productos y servicios, sin que pueda aplicarlos o utilizarlos para cualquier otra finalidad para la que no haya sido expresamente autorizado por el usuario.<\/p><p>Asimismo, se le informa que los datos que nos haya podido facilitar de manera voluntaria durante la navegaci\u00f3n en nuestro Sitio Web (registro, remisi\u00f3n de formularios, curr\u00edculum vitae o env\u00edo de correo electr\u00f3nico), pasar\u00e1n a formar parte del sistema de informaci\u00f3n de Grupo Puentes con la mera finalidad de gestionar la solicitud de que se trate, ya sea\u00a0 administrativa, recogida de curr\u00edculums vitae de cara a poder contactar con interesados y seleccionar nuevo personal, en su caso. A este respecto, el usuario consiente expresamente que dichos datos personales facilitados a trav\u00e9s del Sitio Web sean incorporados al sistema de informaci\u00f3n de Grupo Puentes para el env\u00edo de comunicaciones de todo tipo a trav\u00e9s de los medios habituales de comunicaci\u00f3n.<\/p><p><strong>Conservaci\u00f3n de los datos<\/strong><\/p><p>Los datos personales proporcionados se conservar\u00e1n mientras se cuente con legitimidad para ello y no se solicite su supresi\u00f3n por el interesado o, en su caso, durante un plazo de cinco a\u00f1os a partir de la \u00faltima confirmaci\u00f3n de inter\u00e9s del interesado, en tales casos deber\u00e1n ser destruidos o devueltos al responsable del mismo. Todo ello sin perjuicio que exista una previsi\u00f3n legal que exija la conservaci\u00f3n de ciertos datos o que los datos sean \u00fatiles en caso de reclamaci\u00f3n derivada de la prestaci\u00f3n de los servicios acordados por el interesado.<\/p><p><strong>Legitimaci\u00f3n para el tratamiento de datos<\/strong><\/p><p>La base legal del tratamiento de los datos personales es el consentimiento otorgado por el Interesado mediante la firma o aceptaci\u00f3n de los correspondientes formularios para los fines a los que est\u00e9n dirigidos.<\/p><p>La revocaci\u00f3n del consentimiento para el tratamiento de datos personales no afectar\u00e1 a la legitimaci\u00f3n del tratamiento llevado a cabo con anterioridad, siempre y cuando el consentimiento emitido fuese v\u00e1lido.<\/p><p>Grupo Puentes garantiza que se han implementado pol\u00edticas t\u00e9cnicas y organizativas suficientes para la aplicaci\u00f3n de las medidas de seguridad establecidas en la legislaci\u00f3n relativa a la materia para la protecci\u00f3n de los derechos de los usuarios, respetando la confidencialidad y destinado los datos recabados \u00fanicamente para los fines comunicados. No obstante lo anterior, las medidas de seguridad en Internet no son inexpugnables y pueden existir filtraciones por actuaciones dolosas de terceros.<\/p><p><strong>Destinatarios<br \/><\/strong><\/p><p>El interesado autoriza expresamente la cesi\u00f3n de sus datos a empresas del grupo encabezado por Grupo Puentes para que los utilice con las finalidades previstas en esta Pol\u00edtica de Privacidad. Esto podr\u00eda conllevar la transferencia internacional de datos a pa\u00edses de fuera del Espacio Econ\u00f3mico Europeo (EEE), algunos de los cuales podr\u00edan ser considerados carentes de un nivel de protecci\u00f3n de datos equivalente al nivel de protecci\u00f3n en el EEE por la Comisi\u00f3n Europea.<\/p><p>Asimismo, Grupo Puentes informa a los usuarios de que sus datos personales podr\u00e1n ser comunicados a proveedores de servicios de la Sociedad que act\u00faen como encargados del tratamiento de datos y con los que se ha formalizado el correspondiente contrato de encargado de tratamiento de datos.<\/p><p>Igualmente, los datos podr\u00e1n ser compartidos con Administraciones P\u00fablicas para el cumplimiento de obligaciones legales de Grupo Puentes.<\/p><p>Para todos estos supuestos, Grupo Puentes garantiza que se han habilitado las medidas correspondientes de cara a asegurar la implementaci\u00f3n de las garant\u00edas jur\u00eddicas relativas a tales cesiones de datos personales.<\/p><p><strong>Formularios de recogida de datos<\/strong><\/p><p>El uso de determinados servicios o solicitudes por parte del interesado estar\u00e1 condicionado a\u00a0 la previa cumplimentaci\u00f3n del correspondiente registro de usuario mediante los formularios habilitados al efecto. La informaci\u00f3n que el usuario facilite mediante estos formularios habilitados en el sitio Web deber\u00e1 ser real, completa y veraz, garantizando la autenticidad de\u00a0 los datos comunicados, los cuales deber\u00e1 mantener actualizados, siendo responsable \u00fanico de cualquier informaci\u00f3n inexacta o falsa que haya facilitado.<\/p><p>Los campos destacados con asterisco (*) en los formularios son obligatorios y necesarios. De este modo, en caso de que el usuario no facilite dicha informaci\u00f3n, Grupo Puentes podr\u00e1 denegar el correspondiente servicio. Con la introducci\u00f3n de los datos en el formulario el interesado est\u00e1 otorgando su consentimiento inequ\u00edvoco para que Grupo Puentes proceda al tratamiento de los datos facilitados y en relaci\u00f3n con las finalidades indicadas en la presente Pol\u00edtica de Privacidad.<\/p><p><strong>Plataforma de env\u00edo de Curr\u00edculum Vitae<\/strong><\/p><p>El env\u00edo de curr\u00edculum vitae a trav\u00e9s del Sitio Web implica la previa aceptaci\u00f3n de la presente Pol\u00edtica de Privacidad y dem\u00e1s avisos legales contenidos en el indicado Sitio Web. A este respecto, los datos aportados en el curr\u00edculum vitae ser\u00e1n tratados con la finalidad de participar en los procesos de selecci\u00f3n que puedan llevarse a cabo, realizando an\u00e1lisis del perfil del aplicante. En el supuesto de producirse alguna modificaci\u00f3n en los datos aportados, le rogamos nos lo comunique por escrito lo antes posible, con objeto de mantener sus datos<br \/>debidamente actualizados.<\/p><p>Los datos se podr\u00e1n tratar y\/o comunicar a las empresas integrantes de nuestro grupo durante el tiempo de conservaci\u00f3n de su curr\u00edculum y para los mismos fines antes informados.<\/p><p>Asimismo, y tal y como se recoge en la presente Pol\u00edtica de Privacidad, los datos remitidos a trav\u00e9s de la plataforma de env\u00edo de curr\u00edculum vitae podr\u00e1n ser cedidos a terceros con la finalidad de gestionar la recepci\u00f3n de los mismos, siendo este tercero el desarrollador de la aplicaci\u00f3n inform\u00e1tica para la optimizaci\u00f3n de la gesti\u00f3n de recursos humanos y con el que se ha suscrito el preceptivo contrato de encargo de tratamiento de datos personales.<\/p><p><strong>Ejercicio de derechos<\/strong><\/p><p>El interesado podr\u00e1 ejercer en todo momento los siguientes derechos, previstos en el RGPD, en relaci\u00f3n al tratamiento de sus datos personales:<\/p><ul><li>Derecho a solicitar el acceso a sus datos personales.<\/li><li>Derecho al estado y modo de tratamiento de sus datos personales.<\/li><li>Derecho a solicitar su rectificaci\u00f3n o supresi\u00f3n.<\/li><li>Derecho a solicitar la limitaci\u00f3n de su tratamiento.<\/li><li>Derecho a oponerse al tratamiento.<\/li><li>Derecho a la portabilidad de los datos.<\/li><\/ul><p>Tales derechos podr\u00e1n ser ejercidos mediante una comunicaci\u00f3n escrita dirigida a Puentes y Calzadas Grupo de Empresas S.A., con domicilio social en C\/ Estaci\u00f3n s\/n, 15888, Sig\u00fceiro\u00a0 (A Coru\u00f1a), o por e-mail a la direcci\u00f3n dpo@grupopuentes.com.<\/p><p>Igualmente se informa de que tiene derecho a presentar una reclamaci\u00f3n ante la autoridad de control si considera que pueden haberse visto vulnerados sus derechos en relaci\u00f3n con la protecci\u00f3n de sus datos (www.agpd.es).<\/p><p><strong>Medidas y niveles de seguridad<\/strong><\/p><p>Grupo Puentes ha adoptado las medidas necesarias para mantener el nivel de seguridad requerido, seg\u00fan la naturaleza de los datos personales tratados y las circunstancias del tratamiento, con el objeto de evitar, en la medida de lo posible y siempre seg\u00fan el estado de la t\u00e9cnica, su alteraci\u00f3n, p\u00e9rdida, tratamiento o acceso no autorizado.<\/p><p>Asimismo, Grupo Puentes garantiza que ha implementado mecanismos para:<\/p><ol><li>Garantizar la confidencialidad, integridad, disponibilidad y resiliencia permanentes de los sistemas y servicios de tratamiento.<\/li><li>Restaurar la disponibilidad y el acceso a los datos personales de forma r\u00e1pida, en caso de incidente f\u00edsico o t\u00e9cnico.<\/li><li>Verificar y comprobar, de forma regular, la eficacia de las medidas t\u00e9cnicas y organizativas implantadas para garantizar la seguridad del tratamiento de los datos.<\/li><\/ol><p><strong>\u00c1mbito de aplicaci\u00f3n<\/strong><\/p><p>La estructura de ficheros, equipos y sistemas de informaci\u00f3n y las medidas t\u00e9cnicas y organizativas implantadas para garantizar la seguridad de los datos, con el objeto de dar cumplimiento a la legislaci\u00f3n vigente en materia de protecci\u00f3n de datos, se aplicar\u00e1n a todos los ficheros, temporales o permanentes, titularidad de Grupo Puentes que contengan datos de car\u00e1cter personal, as\u00ed como a cualquier equipo o sistema de informaci\u00f3n que los trate.<\/p><p><strong>Consentimiento del Usuario<\/strong><\/p><p>El interesado manifiesta haber le\u00eddo, comprendido y aceptado expresamente la presente Pol\u00edtica de Privacidad al registrarse en Grupo Puentes, otorgando su consentimiento inequ\u00edvoco y expreso a Grupo Puentes, al tratamiento de los datos de acuerdo con las finalidades y servicios aqu\u00ed reflejados.<\/p><p>El Interesado autoriza expresamente la cesi\u00f3n de sus datos a terceros para que Grupo Puentes lleve a cabo las finalidades previstas en esta Pol\u00edtica de Privacidad.<\/p><p><strong>Veracidad de los datos proporcionados por el Usuario<\/strong><\/p><p>El usuario firmante y aceptante de la presente Pol\u00edtica de Privacidad garantiza la veracidad de los datos proporcionados siendo responsable de cualquier da\u00f1o o perjuicio, directo o indirecto, que pudiera ocasionarse como consecuencia del incumplimiento de tal obligaci\u00f3n, y se compromete, asimismo, a comunicar cualquier modificaci\u00f3n que en tales datos pudiera producirse.<\/p><p>En el caso de que el interesado facilite a Grupo Puentes datos personales de terceros, el Interesado declara que dichos datos son veraces y que ha informado y ha solicitado el consentimiento previo y expreso a estos terceros para que sean utilizados por Grupo Puentes.<\/p><p><strong>Confidencialidad y secreto profesional<\/strong><\/p><p>Los datos recogidos en todas las comunicaciones privadas entre Grupo Puentes y los clientes o usuarios ser\u00e1n tratados con absoluta confidencialidad, comprometi\u00e9ndose Grupo Puentes a la obligaci\u00f3n de secreto de los datos de car\u00e1cter personal, a su deber de guardarlos y adoptar todas las medidas necesarias que eviten su alteraci\u00f3n, p\u00e9rdida y tratamiento o acceso no autorizado.<\/p><p>Adem\u00e1s, tambi\u00e9n tendr\u00e1 la condici\u00f3n de confidencial la informaci\u00f3n de cualquier tipo que las partes intercambien entre s\u00ed o aquella que estas acuerden que tiene tal naturaleza.<\/p><p><strong>Cambios en la pol\u00edtica de seguridad y de protecci\u00f3n de datos<\/strong><\/p><p>Grupo Puentes se reserva el derecho de modificar la presente Pol\u00edtica de Privacidad y protecci\u00f3n de datos con el objeto de adaptarlo a las novedades legislativas o jurisprudenciales, as\u00ed como las que pudieran derivarse de c\u00f3digos tipo existentes en la materia, o por decisiones corporativas estrat\u00e9gicas, con efectos de la fecha de publicaci\u00f3n de dicha modificaci\u00f3n en la p\u00e1gina Web de Grupo Puentes. Se entender\u00e1 que el usuario est\u00e1 conforme con los nuevos t\u00e9rminos de la Pol\u00edtica de Privacidad si, una vez informado el cambio introducido en \u00e9sta, contin\u00faa haciendo uso de los servicios ofrecidos, salvo respecto de aquellas cuestiones con finalidades de tratamiento de datos que requieran su consentimiento.<\/p>\t\t\t\t\t<\/div>\n\t\t\t\t\t\t<\/div>\n\t\t\t\t<\/div>\n\t\t\t\t\t\t<\/div>\n\t\t\t\t\t<\/div>\n\t\t<\/div>\n\t\t\t\t\t\t\t\t<\/div>\n\t\t\t\t\t<\/div>\n\t\t<\/section>\n\t\t\t\t\t\t\t\t\t<\/div>\n\t\t\t<\/div>\n\t\t\t\t\t<\/div>\n\t\t","protected":false},"excerpt":{"rendered":"<p>POL\u00cdTICA DE PRIVACIDAD La presente Pol\u00edtica de Privacidad est\u00e1 encaminada a regular el tratamiento de los datos personales recogidos por Puentes y Calzadas Grupo de Empresas S.A. (en adelante, \u201cGrupo Puentes\u201d) a trav\u00e9s de su Sitio Web, formando parte \u00edntegra del Aviso Legal. Grupo Puentes es el responsable del tratamiento de los datos personales del &#8230; <a title=\"Privacy Policy\" class=\"read-more\" href=\"http:\/\/careers.grupopuentes.com\/es\/privacy-policy\/\" aria-label=\"M\u00e1s en Privacy Policy\">Leer m\u00e1s<\/a><\/p>\n","protected":false},"author":1,"featured_media":0,"parent":0,"menu_order":0,"comment_status":"closed","ping_status":"closed","template":"","meta":[],"_links":{"self":[{"href":"http:\/\/careers.grupopuentes.com\/es\/wp-json\/wp\/v2\/pages\/426"}],"collection":[{"href":"http:\/\/careers.grupopuentes.com\/es\/wp-json\/wp\/v2\/pages"}],"about":[{"href":"http:\/\/careers.grupopuentes.com\/es\/wp-json\/wp\/v2\/types\/page"}],"author":[{"embeddable":true,"href":"http:\/\/careers.grupopuentes.com\/es\/wp-json\/wp\/v2\/users\/1"}],"replies":[{"embeddable":true,"href":"http:\/\/careers.grupopuentes.com\/es\/wp-json\/wp\/v2\/comments?post=426"}],"version-history":[{"count":8,"href":"http:\/\/careers.grupopuentes.com\/es\/wp-json\/wp\/v2\/pages\/426\/revisions"}],"predecessor-version":[{"id":474,"href":"http:\/\/careers.grupopuentes.com\/es\/wp-json\/wp\/v2\/pages\/426\/revisions\/474"}],"wp:attachment":[{"href":"http:\/\/careers.grupopuentes.com\/es\/wp-json\/wp\/v2\/media?parent=426"}],"curies":[{"name":"wp","href":"https:\/\/api.w.org\/{rel}","templated":true}]}}